{"id":1120,"date":"2013-10-17T14:40:10","date_gmt":"2013-10-17T12:40:10","guid":{"rendered":"http:\/\/www.villas-parfumdemyrte.fr\/accueil-2\/"},"modified":"2026-03-18T14:17:29","modified_gmt":"2026-03-18T13:17:29","slug":"villas-location-corse-2","status":"publish","type":"page","link":"https:\/\/www.villas-parfumdemyrte.fr\/en\/","title":{"rendered":"Villas en location \u00e0 Pinarello pour les vacances"},"content":{"rendered":"\t\t<div data-elementor-type=\"wp-page\" data-elementor-id=\"1120\" class=\"elementor elementor-1120 elementor-100\">\n\t\t\t\t\t\t<section class=\"elementor-section elementor-top-section elementor-element elementor-element-2bf05e2a elementor-section-boxed elementor-section-height-default elementor-section-height-default\" data-id=\"2bf05e2a\" data-element_type=\"section\" data-e-type=\"section\">\n\t\t\t\t\t\t<div class=\"elementor-container elementor-column-gap-default\">\n\t\t\t\t\t<div class=\"elementor-column elementor-col-50 elementor-top-column elementor-element elementor-element-6f674e88\" data-id=\"6f674e88\" data-element_type=\"column\" data-e-type=\"column\">\n\t\t\t<div class=\"elementor-widget-wrap elementor-element-populated\">\n\t\t\t\t\t\t<div class=\"elementor-element elementor-element-56fb535f elementor-widget__width-initial elementor-widget elementor-widget-text-editor\" data-id=\"56fb535f\" data-element_type=\"widget\" data-e-type=\"widget\" data-widget_type=\"text-editor.default\">\n\t\t\t\t<div class=\"elementor-widget-container\">\n\t\t\t\t\t\t\t\t\t<h2 class=\"h3 widget-title\">Villas Parfums de Myrte &#8211; Location de villa saisonni\u00e8re \u00e0 Pinarello dans le Sud de la Corse<\/h2>\n<p>La Corse est l&#8217;une des r\u00e9gions les plus touristiques de France. Chaque ann\u00e9e, plus de 2 millions de touristes se rendent sur \u00ab l<strong>\u2019Ile de Beaut\u00e9<\/strong> \u00bb car il y fait bon vivre. Pinarello, \u00e9crin de s\u00e9r\u00e9nit\u00e9, jouit d\u2019un panorama exceptionnel entre mer limpide, sans danger pour les enfants, plages de sable fin et montagnes aux reflets roses.<\/p>\n<p>Son petit port de p\u00eache et de plaisance est un lieu tranquille o\u00f9 bars et restaurants sauront vous faire d\u00e9couvrir toutes les saveurs gustatives corses. Sa position id\u00e9ale entre mer et montagne font de la r\u00e9gion de Pinarello le cadre parfait pour des vacances alliant d\u00e9tente, activit\u00e9s et d\u00e9couvertes.<\/p>\n<p>Vous recherchez une&nbsp;<a href=\"https:\/\/www.villas-parfumdemyrte.fr\/location-villas-corse-du-sud\/\" target=\"_blank\">villa tout confort ou une maison de location en Corse du Sud,<\/a>&nbsp;\u00e0 Pinarello, \u00e0 quelques pas de la mer, avec un acc\u00e8s rapide \u00e0 la plage et dans un cadre idyllique ? Vous \u00eates au bon endroit !&nbsp;<\/p>\t\t\t\t\t\t\t\t<\/div>\n\t\t\t\t<\/div>\n\t\t\t\t\t<\/div>\n\t\t<\/div>\n\t\t\t\t<div class=\"elementor-column elementor-col-50 elementor-top-column elementor-element elementor-element-851e5cc elementor-hidden-mobile_extra elementor-hidden-mobile\" data-id=\"851e5cc\" data-element_type=\"column\" data-e-type=\"column\">\n\t\t\t<div class=\"elementor-widget-wrap elementor-element-populated\">\n\t\t\t\t\t\t<div class=\"elementor-element elementor-element-65daf0c elementor-widget elementor-widget-html\" data-id=\"65daf0c\" data-element_type=\"widget\" data-e-type=\"widget\" data-widget_type=\"html.default\">\n\t\t\t\t<div class=\"elementor-widget-container\">\n\t\t\t\t\t<iframe src=\"https:\/\/www.google.com\/maps\/embed?pb=!1m18!1m12!1m3!1d2980.043360088874!2d9.364197676451063!3d41.67640697801753!2m3!1f0!2f0!3f0!3m2!1i1024!2i768!4f13.1!3m3!1m2!1s0x12d99ab05dae6e87%3A0x1af472405e044d04!2sVillas%20Parfum%20de%20Myrte!5e0!3m2!1sfr!2sfr!4v1740411919150!5m2!1sfr!2sfr\" width=\"600\" height=\"450\" style=\"border:0;\" allowfullscreen=\"\" loading=\"lazy\" referrerpolicy=\"no-referrer-when-downgrade\"><\/iframe> \t\t\t\t<\/div>\n\t\t\t\t<\/div>\n\t\t\t\t\t<\/div>\n\t\t<\/div>\n\t\t\t\t\t<\/div>\n\t\t<\/section>\n\t\t\t\t<section class=\"elementor-section elementor-top-section elementor-element elementor-element-fa69cfb elementor-section-boxed elementor-section-height-default elementor-section-height-default\" data-id=\"fa69cfb\" data-element_type=\"section\" data-e-type=\"section\">\n\t\t\t\t\t\t<div class=\"elementor-container elementor-column-gap-default\">\n\t\t\t\t\t<div class=\"elementor-column elementor-col-100 elementor-top-column elementor-element elementor-element-4575a99\" data-id=\"4575a99\" data-element_type=\"column\" data-e-type=\"column\">\n\t\t\t<div class=\"elementor-widget-wrap elementor-element-populated\">\n\t\t\t\t\t\t<div class=\"elementor-element elementor-element-4c3d36d title-red elementor-widget elementor-widget-heading\" data-id=\"4c3d36d\" data-element_type=\"widget\" data-e-type=\"widget\" data-widget_type=\"heading.default\">\n\t\t\t\t<div class=\"elementor-widget-container\">\n\t\t\t\t\t<h3 class=\"elementor-heading-title elementor-size-default\">D\u00e9couvrir nos villas \u00e0 louer \u00e0 Pinarello<\/h3>\t\t\t\t<\/div>\n\t\t\t\t<\/div>\n\t\t\t\t<section class=\"elementor-section elementor-inner-section elementor-element elementor-element-d6f9988 section-interne-triple-col elementor-section-boxed elementor-section-height-default elementor-section-height-default\" data-id=\"d6f9988\" data-element_type=\"section\" data-e-type=\"section\">\n\t\t\t\t\t\t<div class=\"elementor-container elementor-column-gap-default\">\n\t\t\t\t\t<div class=\"elementor-column elementor-col-33 elementor-inner-column elementor-element elementor-element-adc5f3f\" data-id=\"adc5f3f\" data-element_type=\"column\" data-e-type=\"column\">\n\t\t\t<div class=\"elementor-widget-wrap elementor-element-populated\">\n\t\t\t\t\t\t<div class=\"elementor-element elementor-element-fe4cafb elementor-widget elementor-widget-image\" data-id=\"fe4cafb\" data-element_type=\"widget\" data-e-type=\"widget\" data-widget_type=\"image.default\">\n\t\t\t\t<div class=\"elementor-widget-container\">\n\t\t\t\t\t\t\t\t\t\t\t\t\t\t\t\t<a href=\"https:\/\/www.villas-parfumdemyrte.fr\/location-vacances\/yucca\/\">\n\t\t\t\t\t\t\t<img fetchpriority=\"high\" decoding=\"async\" width=\"377\" height=\"434\" src=\"https:\/\/www.villas-parfumdemyrte.fr\/wp-content\/uploads\/yucca-1.jpg\" class=\"elementor-animation-shrink attachment-large size-large wp-image-6808\" alt=\"\" srcset=\"https:\/\/www.villas-parfumdemyrte.fr\/wp-content\/uploads\/yucca-1.jpg 377w, https:\/\/www.villas-parfumdemyrte.fr\/wp-content\/uploads\/yucca-1-261x300.jpg 261w, https:\/\/www.villas-parfumdemyrte.fr\/wp-content\/uploads\/yucca-1-130x150.jpg 130w\" sizes=\"(max-width: 377px) 100vw, 377px\" \/>\t\t\t\t\t\t\t\t<\/a>\n\t\t\t\t\t\t\t\t\t\t\t\t\t\t\t<\/div>\n\t\t\t\t<\/div>\n\t\t\t\t\t<\/div>\n\t\t<\/div>\n\t\t\t\t<div class=\"elementor-column elementor-col-33 elementor-inner-column elementor-element elementor-element-3192d0d\" data-id=\"3192d0d\" data-element_type=\"column\" data-e-type=\"column\">\n\t\t\t<div class=\"elementor-widget-wrap elementor-element-populated\">\n\t\t\t\t\t\t<div class=\"elementor-element elementor-element-b3a1a29 elementor-widget elementor-widget-image\" data-id=\"b3a1a29\" data-element_type=\"widget\" data-e-type=\"widget\" data-widget_type=\"image.default\">\n\t\t\t\t<div class=\"elementor-widget-container\">\n\t\t\t\t\t\t\t\t\t\t\t\t\t\t\t\t<a href=\"https:\/\/www.villas-parfumdemyrte.fr\/location-vacances\/villa-olivier\/\">\n\t\t\t\t\t\t\t<img decoding=\"async\" width=\"377\" height=\"434\" src=\"https:\/\/www.villas-parfumdemyrte.fr\/wp-content\/uploads\/Olivier.jpg\" class=\"elementor-animation-shrink attachment-large size-large wp-image-6811\" alt=\"\" srcset=\"https:\/\/www.villas-parfumdemyrte.fr\/wp-content\/uploads\/Olivier.jpg 377w, https:\/\/www.villas-parfumdemyrte.fr\/wp-content\/uploads\/Olivier-261x300.jpg 261w, https:\/\/www.villas-parfumdemyrte.fr\/wp-content\/uploads\/Olivier-130x150.jpg 130w\" sizes=\"(max-width: 377px) 100vw, 377px\" \/>\t\t\t\t\t\t\t\t<\/a>\n\t\t\t\t\t\t\t\t\t\t\t\t\t\t\t<\/div>\n\t\t\t\t<\/div>\n\t\t\t\t\t<\/div>\n\t\t<\/div>\n\t\t\t\t<div class=\"elementor-column elementor-col-33 elementor-inner-column elementor-element elementor-element-465a988\" data-id=\"465a988\" data-element_type=\"column\" data-e-type=\"column\">\n\t\t\t<div class=\"elementor-widget-wrap elementor-element-populated\">\n\t\t\t\t\t\t<div class=\"elementor-element elementor-element-46ecf17 elementor-widget elementor-widget-image\" data-id=\"46ecf17\" data-element_type=\"widget\" data-e-type=\"widget\" data-widget_type=\"image.default\">\n\t\t\t\t<div class=\"elementor-widget-container\">\n\t\t\t\t\t\t\t\t\t\t\t\t\t\t\t\t<a href=\"https:\/\/www.villas-parfumdemyrte.fr\/location-vacances\/villa-kiwi\/\">\n\t\t\t\t\t\t\t<img decoding=\"async\" width=\"377\" height=\"434\" src=\"https:\/\/www.villas-parfumdemyrte.fr\/wp-content\/uploads\/kiwi.jpg\" class=\"elementor-animation-shrink attachment-large size-large wp-image-6814\" alt=\"\" srcset=\"https:\/\/www.villas-parfumdemyrte.fr\/wp-content\/uploads\/kiwi.jpg 377w, https:\/\/www.villas-parfumdemyrte.fr\/wp-content\/uploads\/kiwi-261x300.jpg 261w, https:\/\/www.villas-parfumdemyrte.fr\/wp-content\/uploads\/kiwi-130x150.jpg 130w\" sizes=\"(max-width: 377px) 100vw, 377px\" \/>\t\t\t\t\t\t\t\t<\/a>\n\t\t\t\t\t\t\t\t\t\t\t\t\t\t\t<\/div>\n\t\t\t\t<\/div>\n\t\t\t\t\t<\/div>\n\t\t<\/div>\n\t\t\t\t\t<\/div>\n\t\t<\/section>\n\t\t\t\t<div class=\"elementor-element elementor-element-309b543 elementor-widget elementor-widget-text-editor\" data-id=\"309b543\" data-element_type=\"widget\" data-e-type=\"widget\" data-widget_type=\"text-editor.default\">\n\t\t\t\t<div class=\"elementor-widget-container\">\n\t\t\t\t\t\t\t\t\t<p><a class=\"blue_btn\" style=\"float: none; font-size: 18px;\" href=\"\/location-villas-corse-du-sud\/\">Toutes nos villas<\/a><\/p>\t\t\t\t\t\t\t\t<\/div>\n\t\t\t\t<\/div>\n\t\t\t\t\t<\/div>\n\t\t<\/div>\n\t\t\t\t\t<\/div>\n\t\t<\/section>\n\t\t\t\t<section class=\"elementor-section elementor-top-section elementor-element elementor-element-d630b59 elementor-section-boxed elementor-section-height-default elementor-section-height-default\" data-id=\"d630b59\" data-element_type=\"section\" data-e-type=\"section\">\n\t\t\t\t\t\t<div class=\"elementor-container elementor-column-gap-default\">\n\t\t\t\t\t<div class=\"elementor-column elementor-col-100 elementor-top-column elementor-element elementor-element-3ea4281\" data-id=\"3ea4281\" data-element_type=\"column\" data-e-type=\"column\">\n\t\t\t<div class=\"elementor-widget-wrap elementor-element-populated\">\n\t\t\t\t\t\t<div class=\"elementor-element elementor-element-0fb723c elementor-widget elementor-widget-text-editor\" data-id=\"0fb723c\" data-element_type=\"widget\" data-e-type=\"widget\" data-widget_type=\"text-editor.default\">\n\t\t\t\t<div class=\"elementor-widget-container\">\n\t\t\t\t\t\t\t\t\t<h3 class=\"h4\"><strong><span style=\"color: #ea794d;\">D\u00e9couvrez nos villas de vacances en location \u00e0 Pinarello<\/span><\/strong><\/h3><p>A seulement 15 km de Porto Vecchio, en Corse du Sud, Villa Parfum de Myrte vous invite \u00e0 profiter d&#8217;un s\u00e9jour inoubliable pour vos <strong>vacances \u00e0 Pinarello<\/strong>, \u00e0 la station baln\u00e9aire \u00ab au soleil levant \u00bb.<\/p><p>Villas de Myrte, c&#8217;est une offre de 10 villas en location saisonni\u00e8re pouvant accueillir de 2 \u00e0 16 personnes, vous permettant de profiter de vacances en tout confort et en toute intimit\u00e9. Aux rythmes de vos envies, vous pourrez ainsi appr\u00e9cier les tr\u00e9sors de la r\u00e9gion de Porto Vecchio et <strong>partir \u00e0 la d\u00e9couverte de l&#8217;\u00cele de Beaut\u00e9 durant votre s\u00e9jour en Corse du Sud<\/strong>. Choisissez un logement m\u00e9morable pour des souvenirs inoubliables : choisissez Parfum de Myrte pour r\u00e9server vos vacances \u00e0 Pinarello.<\/p><p style=\"text-align: center;\">\u00a0<\/p>\t\t\t\t\t\t\t\t<\/div>\n\t\t\t\t<\/div>\n\t\t\t\t\t<\/div>\n\t\t<\/div>\n\t\t\t\t\t<\/div>\n\t\t<\/section>\n\t\t\t\t<section class=\"elementor-section elementor-top-section elementor-element elementor-element-6e18989 zone-interne zone-collapse-home elementor-section-boxed elementor-section-height-default elementor-section-height-default\" data-id=\"6e18989\" data-element_type=\"section\" data-e-type=\"section\" data-settings=\"{&quot;background_background&quot;:&quot;classic&quot;}\">\n\t\t\t\t\t\t<div class=\"elementor-container elementor-column-gap-default\">\n\t\t\t\t\t<div class=\"elementor-column elementor-col-50 elementor-top-column elementor-element elementor-element-c479272\" data-id=\"c479272\" data-element_type=\"column\" data-e-type=\"column\">\n\t\t\t<div class=\"elementor-widget-wrap elementor-element-populated\">\n\t\t\t\t\t\t<div class=\"elementor-element elementor-element-3bbb18f0 title-red elementor-widget elementor-widget-heading\" data-id=\"3bbb18f0\" data-element_type=\"widget\" data-e-type=\"widget\" data-widget_type=\"heading.default\">\n\t\t\t\t<div class=\"elementor-widget-container\">\n\t\t\t\t\t<h3 class=\"elementor-heading-title elementor-size-default\">Laissez-vous charmer par Pinarello<\/h3>\t\t\t\t<\/div>\n\t\t\t\t<\/div>\n\t\t\t\t<div class=\"elementor-element elementor-element-02fa9a3 elementor-widget elementor-widget-accordion\" data-id=\"02fa9a3\" data-element_type=\"widget\" data-e-type=\"widget\" data-widget_type=\"accordion.default\">\n\t\t\t\t<div class=\"elementor-widget-container\">\n\t\t\t\t\t\t\t<div class=\"elementor-accordion\">\n\t\t\t\t\t\t\t<div class=\"elementor-accordion-item\">\n\t\t\t\t\t<h3 id=\"elementor-tab-title-3121\" class=\"elementor-tab-title\" data-tab=\"1\" role=\"button\" aria-controls=\"elementor-tab-content-3121\" aria-expanded=\"false\">\n\t\t\t\t\t\t\t\t\t\t\t\t\t<span class=\"elementor-accordion-icon elementor-accordion-icon-left\" aria-hidden=\"true\">\n\t\t\t\t\t\t\t\t\t\t\t\t\t\t\t<span class=\"elementor-accordion-icon-closed\"><i class=\"fas fa-chevron-down\"><\/i><\/span>\n\t\t\t\t\t\t\t\t<span class=\"elementor-accordion-icon-opened\"><i class=\"fas fa-chevron-up\"><\/i><\/span>\n\t\t\t\t\t\t\t\t\t\t\t\t\t\t<\/span>\n\t\t\t\t\t\t\t\t\t\t\t\t<a class=\"elementor-accordion-title\" tabindex=\"0\">Se rendre \u00e0 Pinarello<\/a>\n\t\t\t\t\t<\/h3>\n\t\t\t\t\t<div id=\"elementor-tab-content-3121\" class=\"elementor-tab-content elementor-clearfix\" data-tab=\"1\" role=\"region\" aria-labelledby=\"elementor-tab-title-3121\"><ul><li><strong>Avion<\/strong>\u00a0: a\u00e9roport de Figari \u00e0 30 Km et de Bastia 80km<\/li><li><strong>Bateau<\/strong>\u00a0: liaisons maritimes \u00e0 partir de Toulon, Marseille, Nice, et l&#8217;Italie pour Porto-Vecchio<\/li><\/ul><\/div>\n\t\t\t\t<\/div>\n\t\t\t\t\t\t\t<div class=\"elementor-accordion-item\">\n\t\t\t\t\t<h3 id=\"elementor-tab-title-3122\" class=\"elementor-tab-title\" data-tab=\"2\" role=\"button\" aria-controls=\"elementor-tab-content-3122\" aria-expanded=\"false\">\n\t\t\t\t\t\t\t\t\t\t\t\t\t<span class=\"elementor-accordion-icon elementor-accordion-icon-left\" aria-hidden=\"true\">\n\t\t\t\t\t\t\t\t\t\t\t\t\t\t\t<span class=\"elementor-accordion-icon-closed\"><i class=\"fas fa-chevron-down\"><\/i><\/span>\n\t\t\t\t\t\t\t\t<span class=\"elementor-accordion-icon-opened\"><i class=\"fas fa-chevron-up\"><\/i><\/span>\n\t\t\t\t\t\t\t\t\t\t\t\t\t\t<\/span>\n\t\t\t\t\t\t\t\t\t\t\t\t<a class=\"elementor-accordion-title\" tabindex=\"0\">Localisation de Pinarello (Ste Lucie de Porto-Vecchio)<\/a>\n\t\t\t\t\t<\/h3>\n\t\t\t\t\t<div id=\"elementor-tab-content-3122\" class=\"elementor-tab-content elementor-clearfix\" data-tab=\"2\" role=\"region\" aria-labelledby=\"elementor-tab-title-3122\"><ul><li>15 Km au nord de Porto Vecchio, ville fortifi\u00e9e charg\u00e9e d\u2019histoire<\/li><li>30 Km de Bonifacio, perle sur la m\u00e9diterran\u00e9e<\/li><\/ul><\/div>\n\t\t\t\t<\/div>\n\t\t\t\t\t\t\t<div class=\"elementor-accordion-item\">\n\t\t\t\t\t<h3 id=\"elementor-tab-title-3123\" class=\"elementor-tab-title\" data-tab=\"3\" role=\"button\" aria-controls=\"elementor-tab-content-3123\" aria-expanded=\"false\">\n\t\t\t\t\t\t\t\t\t\t\t\t\t<span class=\"elementor-accordion-icon elementor-accordion-icon-left\" aria-hidden=\"true\">\n\t\t\t\t\t\t\t\t\t\t\t\t\t\t\t<span class=\"elementor-accordion-icon-closed\"><i class=\"fas fa-chevron-down\"><\/i><\/span>\n\t\t\t\t\t\t\t\t<span class=\"elementor-accordion-icon-opened\"><i class=\"fas fa-chevron-up\"><\/i><\/span>\n\t\t\t\t\t\t\t\t\t\t\t\t\t\t<\/span>\n\t\t\t\t\t\t\t\t\t\t\t\t<a class=\"elementor-accordion-title\" tabindex=\"0\">Les activit\u00e9s \u00e0 proximit\u00e9<\/a>\n\t\t\t\t\t<\/h3>\n\t\t\t\t\t<div id=\"elementor-tab-content-3123\" class=\"elementor-tab-content elementor-clearfix\" data-tab=\"3\" role=\"region\" aria-labelledby=\"elementor-tab-title-3123\"><ul><li>Plong\u00e9e sous-marine<\/li><li>Voile &amp; nautisme<\/li><li>Jet ski<\/li><li>Randonn\u00e9es \u00e9questres<\/li><li>Discoth\u00e8que<\/li><li>Location de bateaux<\/li><li>Ski nautique<\/li><li>Randonn\u00e9e \u00e9questre<\/li><li>Randonn\u00e9e p\u00e9destre (GR20)<\/li><li>Golf de Sp\u00e9rone<\/li><li>Canyoning<\/li><li>Accro-branche<\/li><\/ul><\/div>\n\t\t\t\t<\/div>\n\t\t\t\t\t\t\t\t<\/div>\n\t\t\t\t\t\t<\/div>\n\t\t\t\t<\/div>\n\t\t\t\t\t<\/div>\n\t\t<\/div>\n\t\t\t\t<div class=\"elementor-column elementor-col-50 elementor-top-column elementor-element elementor-element-c13cc4d\" data-id=\"c13cc4d\" data-element_type=\"column\" data-e-type=\"column\">\n\t\t\t<div class=\"elementor-widget-wrap elementor-element-populated\">\n\t\t\t\t\t\t<div class=\"elementor-element elementor-element-0464579 elementor-widget elementor-widget-video\" data-id=\"0464579\" data-element_type=\"widget\" data-e-type=\"widget\" data-settings=\"{&quot;youtube_url&quot;:&quot;https:\\\/\\\/www.youtube.com\\\/watch?v=BPk9gCN6kJc&amp;embeds_referring_euri=https%3A%2F%2Fwww.villas-parfumdemyrte.fr%2F&amp;source_ve_path=MjM4NTE&quot;,&quot;video_type&quot;:&quot;youtube&quot;,&quot;controls&quot;:&quot;yes&quot;}\" data-widget_type=\"video.default\">\n\t\t\t\t<div class=\"elementor-widget-container\">\n\t\t\t\t\t\t\t<div class=\"elementor-wrapper elementor-open-inline\">\n\t\t\t<div class=\"elementor-video\"><\/div>\t\t<\/div>\n\t\t\t\t\t\t<\/div>\n\t\t\t\t<\/div>\n\t\t\t\t\t<\/div>\n\t\t<\/div>\n\t\t\t\t\t<\/div>\n\t\t<\/section>\n\t\t\t\t<\/div>\n\t\t","protected":false},"excerpt":{"rendered":"Villas Parfums de Myrte &#8211; Location de villa saisonni\u00e8re \u00e0 Pinarello dans le Sud de la Corse La Corse est&#8230;","protected":false},"author":2,"featured_media":0,"parent":0,"menu_order":1,"comment_status":"closed","ping_status":"closed","template":"","meta":{"_acf_changed":false,"footnotes":""},"class_list":["post-1120","page","type-page","status-publish","hentry"],"acf":[],"yoast_head":"<!-- This site is optimized with the Yoast SEO plugin v27.5 - https:\/\/yoast.com\/product\/yoast-seo-wordpress\/ -->\n<title>Location de Villa \u00e0 Pinarello | Villas Parfum de Myrte<\/title>\n<meta name=\"description\" content=\"Des villas de vacances &amp; locations saisonni\u00e8res tout \u00e9quip\u00e9e avec piscine privative \u00e0 seulement 300m de la plage de Pinarello, en Corse du Sud.\" \/>\n<meta name=\"robots\" content=\"index, follow, max-snippet:-1, max-image-preview:large, max-video-preview:-1\" \/>\n<link rel=\"canonical\" href=\"https:\/\/www.villas-parfumdemyrte.fr\/en\/\" \/>\n<meta property=\"og:locale\" content=\"en_GB\" \/>\n<meta property=\"og:type\" content=\"article\" \/>\n<meta property=\"og:title\" content=\"Location de Villa \u00e0 Pinarello | Villas Parfum de Myrte\" \/>\n<meta property=\"og:description\" content=\"Des villas de vacances &amp; locations saisonni\u00e8res tout \u00e9quip\u00e9e avec piscine privative \u00e0 seulement 300m de la plage de Pinarello, en Corse du Sud.\" \/>\n<meta property=\"og:url\" content=\"https:\/\/www.villas-parfumdemyrte.fr\/en\/\" \/>\n<meta property=\"og:site_name\" content=\"Parfum de Myrte\" \/>\n<meta property=\"article:modified_time\" content=\"2026-03-18T13:17:29+00:00\" \/>\n<meta property=\"og:image\" content=\"https:\/\/www.villas-parfumdemyrte.fr\/wp-content\/uploads\/yucca-1.jpg\" \/>\n\t<meta property=\"og:image:width\" content=\"377\" \/>\n\t<meta property=\"og:image:height\" content=\"434\" \/>\n\t<meta property=\"og:image:type\" content=\"image\/jpeg\" \/>\n<meta name=\"twitter:label1\" content=\"Estimated reading time\" \/>\n\t<meta name=\"twitter:data1\" content=\"3 minutes\" \/>\n<!-- \/ Yoast SEO plugin. -->","yoast_head_json":{"title":"Location de Villa \u00e0 Pinarello | Villas Parfum de Myrte","description":"Des villas de vacances & locations saisonni\u00e8res tout \u00e9quip\u00e9e avec piscine privative \u00e0 seulement 300m de la plage de Pinarello, en Corse du Sud.","robots":{"index":"index","follow":"follow","max-snippet":"max-snippet:-1","max-image-preview":"max-image-preview:large","max-video-preview":"max-video-preview:-1"},"canonical":"https:\/\/www.villas-parfumdemyrte.fr\/en\/","og_locale":"en_GB","og_type":"article","og_title":"Location de Villa \u00e0 Pinarello | Villas Parfum de Myrte","og_description":"Des villas de vacances & locations saisonni\u00e8res tout \u00e9quip\u00e9e avec piscine privative \u00e0 seulement 300m de la plage de Pinarello, en Corse du Sud.","og_url":"https:\/\/www.villas-parfumdemyrte.fr\/en\/","og_site_name":"Parfum de Myrte","article_modified_time":"2026-03-18T13:17:29+00:00","og_image":[{"width":377,"height":434,"url":"https:\/\/www.villas-parfumdemyrte.fr\/wp-content\/uploads\/yucca-1.jpg","type":"image\/jpeg"}],"twitter_misc":{"Estimated reading time":"3 minutes"},"schema":{"@context":"https:\/\/schema.org","@graph":[{"@type":"WebPage","@id":"https:\/\/www.villas-parfumdemyrte.fr\/en\/","url":"https:\/\/www.villas-parfumdemyrte.fr\/en\/","name":"Location de Villa \u00e0 Pinarello | Villas Parfum de Myrte","isPartOf":{"@id":"https:\/\/www.villas-parfumdemyrte.fr\/#website"},"primaryImageOfPage":{"@id":"https:\/\/www.villas-parfumdemyrte.fr\/en\/#primaryimage"},"image":{"@id":"https:\/\/www.villas-parfumdemyrte.fr\/en\/#primaryimage"},"thumbnailUrl":"https:\/\/www.villas-parfumdemyrte.fr\/wp-content\/uploads\/yucca-1.jpg","datePublished":"2013-10-17T12:40:10+00:00","dateModified":"2026-03-18T13:17:29+00:00","description":"Des villas de vacances & locations saisonni\u00e8res tout \u00e9quip\u00e9e avec piscine privative \u00e0 seulement 300m de la plage de Pinarello, en Corse du Sud.","breadcrumb":{"@id":"https:\/\/www.villas-parfumdemyrte.fr\/en\/#breadcrumb"},"inLanguage":"en-GB","potentialAction":[{"@type":"ReadAction","target":["https:\/\/www.villas-parfumdemyrte.fr\/en\/"]}]},{"@type":"ImageObject","inLanguage":"en-GB","@id":"https:\/\/www.villas-parfumdemyrte.fr\/en\/#primaryimage","url":"https:\/\/www.villas-parfumdemyrte.fr\/wp-content\/uploads\/yucca-1.jpg","contentUrl":"https:\/\/www.villas-parfumdemyrte.fr\/wp-content\/uploads\/yucca-1.jpg"},{"@type":"BreadcrumbList","@id":"https:\/\/www.villas-parfumdemyrte.fr\/en\/#breadcrumb","itemListElement":[{"@type":"ListItem","position":1,"name":"Villa Parfum de Myrte","item":"https:\/\/www.villas-parfumdemyrte.fr\/en\/"},{"@type":"ListItem","position":2,"name":"Villas en location \u00e0 Pinarello pour les vacances"}]},{"@type":"WebSite","@id":"https:\/\/www.villas-parfumdemyrte.fr\/#website","url":"https:\/\/www.villas-parfumdemyrte.fr\/","name":"Parfum de Myrte","description":"Villas en Corse du Sud","publisher":{"@id":"https:\/\/www.villas-parfumdemyrte.fr\/#organization"},"potentialAction":[{"@type":"SearchAction","target":{"@type":"EntryPoint","urlTemplate":"https:\/\/www.villas-parfumdemyrte.fr\/?s={search_term_string}"},"query-input":{"@type":"PropertyValueSpecification","valueRequired":true,"valueName":"search_term_string"}}],"inLanguage":"en-GB"},{"@type":"Organization","@id":"https:\/\/www.villas-parfumdemyrte.fr\/#organization","name":"Villas Parfum de Myrte","url":"https:\/\/www.villas-parfumdemyrte.fr\/","logo":{"@type":"ImageObject","inLanguage":"en-GB","@id":"https:\/\/www.villas-parfumdemyrte.fr\/#\/schema\/logo\/image\/","url":"https:\/\/www.villas-parfumdemyrte.fr\/wp-content\/uploads\/logo-villas-parfum-de-myrte.png","contentUrl":"https:\/\/www.villas-parfumdemyrte.fr\/wp-content\/uploads\/logo-villas-parfum-de-myrte.png","width":300,"height":69,"caption":"Villas Parfum de Myrte"},"image":{"@id":"https:\/\/www.villas-parfumdemyrte.fr\/#\/schema\/logo\/image\/"}}]}},"_links":{"self":[{"href":"https:\/\/www.villas-parfumdemyrte.fr\/en\/wp-json\/wp\/v2\/pages\/1120","targetHints":{"allow":["GET"]}}],"collection":[{"href":"https:\/\/www.villas-parfumdemyrte.fr\/en\/wp-json\/wp\/v2\/pages"}],"about":[{"href":"https:\/\/www.villas-parfumdemyrte.fr\/en\/wp-json\/wp\/v2\/types\/page"}],"author":[{"embeddable":true,"href":"https:\/\/www.villas-parfumdemyrte.fr\/en\/wp-json\/wp\/v2\/users\/2"}],"replies":[{"embeddable":true,"href":"https:\/\/www.villas-parfumdemyrte.fr\/en\/wp-json\/wp\/v2\/comments?post=1120"}],"version-history":[{"count":148,"href":"https:\/\/www.villas-parfumdemyrte.fr\/en\/wp-json\/wp\/v2\/pages\/1120\/revisions"}],"predecessor-version":[{"id":7480,"href":"https:\/\/www.villas-parfumdemyrte.fr\/en\/wp-json\/wp\/v2\/pages\/1120\/revisions\/7480"}],"wp:attachment":[{"href":"https:\/\/www.villas-parfumdemyrte.fr\/en\/wp-json\/wp\/v2\/media?parent=1120"}],"curies":[{"name":"wp","href":"https:\/\/api.w.org\/{rel}","templated":true}]}}