{"id":1090,"date":"2014-10-27T11:44:24","date_gmt":"2014-10-27T10:44:24","guid":{"rendered":"http:\/\/www.villas-parfumdemyrte.fr\/?page_id=1090"},"modified":"2014-10-27T11:44:24","modified_gmt":"2014-10-27T10:44:24","slug":"terreni-in-vendita-in-corsica","status":"publish","type":"page","link":"https:\/\/www.villas-parfumdemyrte.fr\/it\/","title":{"rendered":"Terreni in vendita in Corsica"},"content":{"rendered":"<h2 class=\"h3 widget-title\">Vi piacerebbe vivere in Paradiso? SII !!!<\/h2>\n<div class=\"map_home\"><iframe style=\"border: 0;\" src=\"https:\/\/www.google.com\/maps\/embed?pb=!1m18!1m12!1m3!1d380832.57670597953!2d9.086192834918899!3d41.77972842857083!2m3!1f0!2f0!3f0!3m2!1i1024!2i768!4f13.1!3m3!1m2!1s0x12d98ff51c38f6d5%3A0xdb77eac86decbc8e!2sSainte-Lucie+de+Porto-Vecchio!5e0!3m2!1sfr!2sfr!4v1402923480010\" width=\"800\" height=\"250\" frameborder=\"0\"><\/iframe><\/div>\n<p>Allora venite a vivere a Pinarello, la stazione balneare \u201cal sol levante\u201d della Corsica del sud.<br \/>\nLa Corsica \u00e8 una delle regioni pi\u00f9 turistiche di Francia. Ogni anno, pi\u00f9 di 2 milioni di turisti arrivano nell\u2019 \u201cisola della bellezza\u201d dove tutto \u00e8 un vero sogno !<br \/>\nPinarello, tesoro di serenit\u00e0 \u2026 gode di un panorama eccezionale con il suo mare limpido, senza alcun pericolo per i bambini, le spiagge di sabbia fine e le montagne dai riflessi rosa.<\/p>\n<p>Il suo piccolo porto di pesca e turismo \u00e8 un luogo tranquillo dove i bar e i ristoranti sapranno farvi scoprire tutti i sapori della cucina corsa.<br \/>\n<a class=\"blue_btn\" href=\"\/it\/terreni\">Saperne di pi\u00f9<\/a><\/p>\n","protected":false},"excerpt":{"rendered":"Vi piacerebbe vivere in Paradiso? SII !!! Allora venite a vivere a Pinarello, la stazione balneare \u201cal sol levante\u201d della&#8230;","protected":false},"author":2,"featured_media":0,"parent":0,"menu_order":1,"comment_status":"closed","ping_status":"closed","template":"","meta":{"_acf_changed":false,"footnotes":""},"class_list":["post-1090","page","type-page","status-publish","hentry"],"acf":[],"yoast_head":"<!-- This site is optimized with the Yoast SEO plugin v27.5 - https:\/\/yoast.com\/product\/yoast-seo-wordpress\/ -->\n<title>Terreni in vendita in Corsica - Parfum de Myrte<\/title>\n<meta name=\"robots\" content=\"index, follow, max-snippet:-1, max-image-preview:large, max-video-preview:-1\" \/>\n<link rel=\"canonical\" href=\"https:\/\/www.villas-parfumdemyrte.fr\/it\/\" \/>\n<meta property=\"og:locale\" content=\"it_IT\" \/>\n<meta property=\"og:type\" content=\"article\" \/>\n<meta property=\"og:title\" content=\"Terreni in vendita in Corsica - Parfum de Myrte\" \/>\n<meta property=\"og:description\" content=\"Vi piacerebbe vivere in Paradiso? SII !!! Allora venite a vivere a Pinarello, la stazione balneare \u201cal sol levante\u201d della...\" \/>\n<meta property=\"og:url\" content=\"https:\/\/www.villas-parfumdemyrte.fr\/it\/\" \/>\n<meta property=\"og:site_name\" content=\"Parfum de Myrte\" \/>\n<meta name=\"twitter:label1\" content=\"Tempo di lettura stimato\" \/>\n\t<meta name=\"twitter:data1\" content=\"1 minuto\" \/>\n<!-- \/ Yoast SEO plugin. -->","yoast_head_json":{"title":"Terreni in vendita in Corsica - Parfum de Myrte","robots":{"index":"index","follow":"follow","max-snippet":"max-snippet:-1","max-image-preview":"max-image-preview:large","max-video-preview":"max-video-preview:-1"},"canonical":"https:\/\/www.villas-parfumdemyrte.fr\/it\/","og_locale":"it_IT","og_type":"article","og_title":"Terreni in vendita in Corsica - Parfum de Myrte","og_description":"Vi piacerebbe vivere in Paradiso? SII !!! Allora venite a vivere a Pinarello, la stazione balneare \u201cal sol levante\u201d della...","og_url":"https:\/\/www.villas-parfumdemyrte.fr\/it\/","og_site_name":"Parfum de Myrte","twitter_misc":{"Tempo di lettura stimato":"1 minuto"},"schema":{"@context":"https:\/\/schema.org","@graph":[{"@type":"WebPage","@id":"https:\/\/www.villas-parfumdemyrte.fr\/it\/","url":"https:\/\/www.villas-parfumdemyrte.fr\/it\/","name":"Terreni in vendita in Corsica - Parfum de Myrte","isPartOf":{"@id":"https:\/\/www.villas-parfumdemyrte.fr\/#website"},"datePublished":"2014-10-27T10:44:24+00:00","breadcrumb":{"@id":"https:\/\/www.villas-parfumdemyrte.fr\/it\/#breadcrumb"},"inLanguage":"it-IT","potentialAction":[{"@type":"ReadAction","target":["https:\/\/www.villas-parfumdemyrte.fr\/it\/"]}]},{"@type":"BreadcrumbList","@id":"https:\/\/www.villas-parfumdemyrte.fr\/it\/#breadcrumb","itemListElement":[{"@type":"ListItem","position":1,"name":"Villa Parfum de Myrte","item":"https:\/\/www.villas-parfumdemyrte.fr\/it\/"},{"@type":"ListItem","position":2,"name":"Terreni in vendita in Corsica"}]},{"@type":"WebSite","@id":"https:\/\/www.villas-parfumdemyrte.fr\/#website","url":"https:\/\/www.villas-parfumdemyrte.fr\/","name":"Parfum de Myrte","description":"Villas en Corse du Sud","publisher":{"@id":"https:\/\/www.villas-parfumdemyrte.fr\/#organization"},"potentialAction":[{"@type":"SearchAction","target":{"@type":"EntryPoint","urlTemplate":"https:\/\/www.villas-parfumdemyrte.fr\/?s={search_term_string}"},"query-input":{"@type":"PropertyValueSpecification","valueRequired":true,"valueName":"search_term_string"}}],"inLanguage":"it-IT"},{"@type":"Organization","@id":"https:\/\/www.villas-parfumdemyrte.fr\/#organization","name":"Villas Parfum de Myrte","url":"https:\/\/www.villas-parfumdemyrte.fr\/","logo":{"@type":"ImageObject","inLanguage":"it-IT","@id":"https:\/\/www.villas-parfumdemyrte.fr\/#\/schema\/logo\/image\/","url":"https:\/\/www.villas-parfumdemyrte.fr\/wp-content\/uploads\/logo-villas-parfum-de-myrte.png","contentUrl":"https:\/\/www.villas-parfumdemyrte.fr\/wp-content\/uploads\/logo-villas-parfum-de-myrte.png","width":300,"height":69,"caption":"Villas Parfum de Myrte"},"image":{"@id":"https:\/\/www.villas-parfumdemyrte.fr\/#\/schema\/logo\/image\/"}}]}},"_links":{"self":[{"href":"https:\/\/www.villas-parfumdemyrte.fr\/it\/wp-json\/wp\/v2\/pages\/1090","targetHints":{"allow":["GET"]}}],"collection":[{"href":"https:\/\/www.villas-parfumdemyrte.fr\/it\/wp-json\/wp\/v2\/pages"}],"about":[{"href":"https:\/\/www.villas-parfumdemyrte.fr\/it\/wp-json\/wp\/v2\/types\/page"}],"author":[{"embeddable":true,"href":"https:\/\/www.villas-parfumdemyrte.fr\/it\/wp-json\/wp\/v2\/users\/2"}],"replies":[{"embeddable":true,"href":"https:\/\/www.villas-parfumdemyrte.fr\/it\/wp-json\/wp\/v2\/comments?post=1090"}],"version-history":[{"count":0,"href":"https:\/\/www.villas-parfumdemyrte.fr\/it\/wp-json\/wp\/v2\/pages\/1090\/revisions"}],"wp:attachment":[{"href":"https:\/\/www.villas-parfumdemyrte.fr\/it\/wp-json\/wp\/v2\/media?parent=1090"}],"curies":[{"name":"wp","href":"https:\/\/api.w.org\/{rel}","templated":true}]}}